{"id":1167,"date":"2018-01-10T15:17:28","date_gmt":"2018-01-10T13:17:28","guid":{"rendered":"http:\/\/demo.ipis.md\/?page_id=1167"},"modified":"2018-01-22T11:35:45","modified_gmt":"2018-01-22T09:35:45","slug":"prioritatile-strategice","status":"publish","type":"page","link":"https:\/\/www.ipis.md\/en\/prioritatile-strategice\/","title":{"rendered":"Strategic priorities"},"content":{"rendered":"<p>[vc_row][vc_column][vc_tta_accordion][vc_tta_section title=&#8221;Buna guvernare, Reforma Administra\u021biei Publice \u0219i descentralizare&#8221; tab_id=&#8221;1515660388175-66a405a7-c71c&#8221;][vc_column_text]<\/p>\n<div class=\"clearfix main-post\">\n<div id=\"post-1174\" class=\"post-content post-1174 page type-page status-publish hentry\">\n<div class=\"vc_row wpb_row vc_row-fluid\">\n<div class=\"container\">\n<div class=\"row\">\n<div class=\"wpb_column vc_column_container vc_col-sm-12\">\n<div class=\"vc_column-inner \">\n<div class=\"wpb_wrapper\">\n<div class=\"wpb_text_column wpb_content_element \">\n<div class=\"wpb_wrapper\">\n<p>Suprema\u021bia legii, guvernan\u021ba economic\u0103 \u0219i reforma administra\u021bie publice reprezint\u0103 pilonii unui proces modern, European de refomare. \u00a0Sistemul de administrare public\u0103 este politizat, fiind caracterizat prin lips\u0103 de transparen\u021b\u0103 \u0219i capacitate redus\u0103 de a furniza servicii de calitate societ\u0103\u021bii.<\/p>\n<p>IPIS elaboreaz\u0103 politici \u0219i programe menite s\u0103 creeze o administra\u021bie public\u0103 transparent\u0103, responsabil\u0103 \u0219i eficient\u0103 care s\u0103 r\u0103spund\u0103 nevoilor cet\u0103\u021benilor. Priorit\u0103\u021bile \u00een acest context sunt:<\/p>\n<ul>\n<li>crearea unui serviciu public profesionist, nepolitizat, cu recrutare pe criterii de meritocra\u021bie;<\/li>\n<li>reforma Centrului guvernamental (inclusiv unitate de livrare) pentru a \u00eembun\u0103t\u0103\u021bi procesul de planificare \u0219i coordonare a politicilor, gestionarea resurselor umane, procedurilor administrative \u0219i gestionare de finan\u021be publice \u00een cadrul agen\u021biilor guvernamentale.<\/li>\n<\/ul>\n<p>IPIS ofer\u0103 competen\u021be \u0219i capacitate de implementare a proiectelor \u00een domeniul fortific\u0103rii statului de drept, a bunei guvern\u0103ri \u0219i a procesului de descentralize.<\/p>\n<\/div>\n<\/div>\n<\/div>\n<\/div>\n<\/div>\n<\/div>\n<\/div>\n<\/div>\n<\/div>\n<\/div>\n<p>[\/vc_column_text][\/vc_tta_section][vc_tta_section title=&#8221;Democra\u021bie participativ\u0103 \u0219i implicarea societ\u0103\u021bii&#8221; tab_id=&#8221;1515660388203-14b374a6-083a&#8221;][vc_column_text]<\/p>\n<div class=\"clearfix main-post\">\n<div id=\"post-1176\" class=\"post-content post-1176 page type-page status-publish hentry\">\n<div class=\"vc_row wpb_row vc_row-fluid\">\n<div class=\"container\">\n<div class=\"row\">\n<div class=\"wpb_column vc_column_container vc_col-sm-12\">\n<div class=\"vc_column-inner \">\n<div class=\"wpb_wrapper\">\n<div class=\"wpb_text_column wpb_content_element \">\n<div class=\"wpb_wrapper\">\n<p>A devenit o obi\u0219nuin\u021b\u0103 ca politicile publice s\u0103 fie dezvoltate de c\u0103tre conducere, f\u0103r\u0103 participarea semnificativ\u0103 a cet\u0103\u021benilor la chestiuni vitale pentru interesele lor. Ne\u00eencrederea popula\u021biei fa\u021b\u0103 de Guvern este la nivel \u00eenalt. Acest lucru face ca statul s\u0103 fie fragil. Participarea activ\u0103 a societ\u0103\u021bii creeaz\u0103 o comunitate puternic\u0103, stimuleaz\u0103 implicarea cet\u0103\u021benilor \u00een rezolvarea problemelor, identificare resurselor, dar \u0219i creeaz\u0103 genera\u021bii de lideri.<\/p>\n<p>IPIS dezvolt\u0103 \u0219i implementeaz\u0103 proiecte inovatoare, prin care \u00ee\u0219i propune:<\/p>\n<ul>\n<li>s\u0103 promoveze guvernarea prin colaborare \u0219i implicarea cet\u0103\u021benilor \u00een procesul decizional;<\/li>\n<li>s\u0103 permit\u0103 mai multor grupuri din societate s\u0103-\u0219i exercite influen\u021ba public\u0103;<\/li>\n<li>s\u0103 \u00eencurajeze cet\u0103\u021benii s\u0103 monitorizeze \u0219i s\u0103 influen\u021beze activitatea Guvernului;<\/li>\n<li>s\u0103 sprijine asocia\u021biile cet\u0103\u021benilor la nivel local \u0219i central pentru a oferi contribu\u021bii semnificative \u00een procesul de elaborare a politicilor, prin instrumente cum ar fi: audieri publice, consilii consultative, cercuri de studiu, peti\u021bii, monitorizarea cheltuielilor \u0219i a deciziilor Guvernului etc.<\/li>\n<\/ul>\n<\/div>\n<\/div>\n<\/div>\n<\/div>\n<\/div>\n<\/div>\n<\/div>\n<\/div>\n<\/div>\n<\/div>\n<p>[\/vc_column_text][\/vc_tta_section][vc_tta_section title=&#8221;Comunicare strategic\u0103&#8221; tab_id=&#8221;1515660428232-99b242f6-224b&#8221;][vc_column_text]IPIS este specializat \u00een comunicare strategic\u0103, de la elaborare p\u00e2n\u0103 la punerea \u00een practic\u0103 a campaniilor de comunicare eficient\u0103 \u0219i a strategiilor adaptate la circumstan\u021be \u0219i mediu. La fel, IPIS are o agend\u0103 de proiecte ce \u021bin de combaterea miturilor \u0219i a r\u0103sp\u00e2ndirii propagandei \u00een societate.[\/vc_column_text][\/vc_tta_section][vc_tta_section title=&#8221;Incluziune social\u0103 \u0219i rezolvarea conflictelor&#8221; tab_id=&#8221;1515660451633-e04dd6e5-6615&#8243;][vc_column_text]<\/p>\n<div class=\"clearfix main-post\">\n<div id=\"post-1180\" class=\"post-content post-1180 page type-page status-publish hentry\">\n<div class=\"vc_row wpb_row vc_row-fluid\">\n<div class=\"container\">\n<div class=\"row\">\n<div class=\"wpb_column vc_column_container vc_col-sm-12\">\n<div class=\"vc_column-inner \">\n<div class=\"wpb_wrapper\">\n<div class=\"wpb_text_column wpb_content_element \">\n<div class=\"wpb_wrapper\">\n<p>IPIS urm\u0103re\u0219te transpunerea nivelului \u00eenalt de toleran\u021b\u0103 interetnic\u0103 \u00een Republica Moldova \u00een politici practice, prin pa\u0219i concreti \u0219i proiecte menite s\u0103 integreze comunit\u0103\u021bile entice din \u021bar\u0103. Promov\u0103m programe ce ofer\u0103 acestora posibilitatea s\u0103 abordeze diferen\u021bele, s\u0103 evite izolarea, astfel cre\u00e2nd spa\u021biu pentru participarea semnificativ\u0103 a comunit\u0103\u021bilor interetnice la via\u021ba social\u0103 \u0219i economic\u0103.<\/p>\n<p>Totodat\u0103, prin intermediul diploma\u021biei \u0219i a muncii constante pe teren, institutul coopereaz\u0103 cu organiza\u021bii interna\u021bionale \u0219i institu\u021bii de consolidare a p\u0103cii pe o serie de ini\u021biative de stabilire a precondi\u021biilor pentru solu\u021bionarea durabil\u0103 a conflictului transnistrean.<\/p>\n<\/div>\n<\/div>\n<\/div>\n<\/div>\n<\/div>\n<\/div>\n<\/div>\n<\/div>\n<\/div>\n<\/div>\n<p>[\/vc_column_text][\/vc_tta_section][\/vc_tta_accordion][\/vc_column][\/vc_row]<\/p>\n","protected":false},"excerpt":{"rendered":"<p>[vc_row][vc_column][vc_tta_accordion][vc_tta_section title=&#8221;Buna guvernare, Reforma Administra\u021biei Publice \u0219i descentralizare&#8221; tab_id=&#8221;1515660388175-66a405a7-c71c&#8221;][vc_column_text] Suprema\u021bia legii, guvernan\u021ba economic\u0103 \u0219i reforma administra\u021bie publice reprezint\u0103 pilonii unui proces modern, European de refomare. \u00a0Sistemul de administrare public\u0103 este politizat, fiind caracterizat prin lips\u0103 de transparen\u021b\u0103 \u0219i capacitate redus\u0103 de a furniza servicii de calitate societ\u0103\u021bii. IPIS elaboreaz\u0103 politici \u0219i programe menite s\u0103 creeze o administra\u021bie public\u0103 transparent\u0103, responsabil\u0103 \u0219i eficient\u0103 care s\u0103 r\u0103spund\u0103 nevoilor cet\u0103\u021benilor. Priorit\u0103\u021bile \u00een acest context sunt: crearea unui serviciu public profesionist, nepolitizat, cu recrutare pe criterii de meritocra\u021bie; reforma Centrului guvernamental (inclusiv unitate de livrare) pentru a \u00eembun\u0103t\u0103\u021bi procesul de planificare \u0219i coordonare a politicilor, gestionarea resurselor umane, procedurilor administrative \u0219i gestionare de finan\u021be publice \u00een cadrul agen\u021biilor guvernamentale. IPIS ofer\u0103 competen\u021be \u0219i capacitate de implementare a proiectelor \u00een domeniul fortific\u0103rii statului de drept, a bunei guvern\u0103ri \u0219i a procesului de descentralize. [\/vc_column_text][\/vc_tta_section][vc_tta_section title=&#8221;Democra\u021bie participativ\u0103 \u0219i implicarea societ\u0103\u021bii&#8221; tab_id=&#8221;1515660388203-14b374a6-083a&#8221;][vc_column_text] A devenit o obi\u0219nuin\u021b\u0103 ca politicile publice s\u0103 fie dezvoltate de c\u0103tre conducere, f\u0103r\u0103 participarea semnificativ\u0103 a cet\u0103\u021benilor la chestiuni vitale pentru interesele lor. Ne\u00eencrederea popula\u021biei fa\u021b\u0103 de Guvern este la nivel \u00eenalt. Acest lucru face ca statul s\u0103 fie fragil. Participarea activ\u0103 a societ\u0103\u021bii creeaz\u0103 o comunitate puternic\u0103, stimuleaz\u0103 implicarea cet\u0103\u021benilor \u00een rezolvarea problemelor, identificare resurselor, dar \u0219i creeaz\u0103 genera\u021bii de lideri. IPIS dezvolt\u0103 \u0219i implementeaz\u0103 proiecte inovatoare, prin care \u00ee\u0219i propune: s\u0103 promoveze guvernarea prin colaborare \u0219i implicarea cet\u0103\u021benilor \u00een procesul decizional; s\u0103 permit\u0103 mai multor grupuri din societate s\u0103-\u0219i exercite influen\u021ba public\u0103; s\u0103 \u00eencurajeze cet\u0103\u021benii s\u0103 monitorizeze \u0219i s\u0103 influen\u021beze activitatea Guvernului; [&hellip;]<\/p>\n","protected":false},"author":1,"featured_media":0,"parent":0,"menu_order":0,"comment_status":"closed","ping_status":"closed","template":"","meta":{"footnotes":""},"class_list":["post-1167","page","type-page","status-publish","hentry"],"yoast_head":"<!-- This site is optimized with the Yoast SEO plugin v25.8 - https:\/\/yoast.com\/wordpress\/plugins\/seo\/ -->\n<title>Strategic priorities - Institutul pentru Ini\u021biative Strategice<\/title>\n<meta name=\"robots\" content=\"index, follow, max-snippet:-1, max-image-preview:large, max-video-preview:-1\" \/>\n<link rel=\"canonical\" href=\"https:\/\/www.ipis.md\/prioritatile-strategice\/\" \/>\n<meta property=\"og:locale\" content=\"en_US\" \/>\n<meta property=\"og:type\" content=\"article\" \/>\n<meta property=\"og:title\" content=\"Strategic priorities - Institutul pentru Ini\u021biative Strategice\" \/>\n<meta property=\"og:description\" content=\"[vc_row][vc_column][vc_tta_accordion][vc_tta_section title=&#8221;Buna guvernare, Reforma Administra\u021biei Publice \u0219i descentralizare&#8221; tab_id=&#8221;1515660388175-66a405a7-c71c&#8221;][vc_column_text] Suprema\u021bia legii, guvernan\u021ba economic\u0103 \u0219i reforma administra\u021bie publice reprezint\u0103 pilonii unui proces modern, European de refomare. \u00a0Sistemul de administrare public\u0103 este politizat, fiind caracterizat prin lips\u0103 de transparen\u021b\u0103 \u0219i capacitate redus\u0103 de a furniza servicii de calitate societ\u0103\u021bii. IPIS elaboreaz\u0103 politici \u0219i programe menite s\u0103 creeze o administra\u021bie public\u0103 transparent\u0103, responsabil\u0103 \u0219i eficient\u0103 care s\u0103 r\u0103spund\u0103 nevoilor cet\u0103\u021benilor. Priorit\u0103\u021bile \u00een acest context sunt: crearea unui serviciu public profesionist, nepolitizat, cu recrutare pe criterii de meritocra\u021bie; reforma Centrului guvernamental (inclusiv unitate de livrare) pentru a \u00eembun\u0103t\u0103\u021bi procesul de planificare \u0219i coordonare a politicilor, gestionarea resurselor umane, procedurilor administrative \u0219i gestionare de finan\u021be publice \u00een cadrul agen\u021biilor guvernamentale. IPIS ofer\u0103 competen\u021be \u0219i capacitate de implementare a proiectelor \u00een domeniul fortific\u0103rii statului de drept, a bunei guvern\u0103ri \u0219i a procesului de descentralize. [\/vc_column_text][\/vc_tta_section][vc_tta_section title=&#8221;Democra\u021bie participativ\u0103 \u0219i implicarea societ\u0103\u021bii&#8221; tab_id=&#8221;1515660388203-14b374a6-083a&#8221;][vc_column_text] A devenit o obi\u0219nuin\u021b\u0103 ca politicile publice s\u0103 fie dezvoltate de c\u0103tre conducere, f\u0103r\u0103 participarea semnificativ\u0103 a cet\u0103\u021benilor la chestiuni vitale pentru interesele lor. Ne\u00eencrederea popula\u021biei fa\u021b\u0103 de Guvern este la nivel \u00eenalt. Acest lucru face ca statul s\u0103 fie fragil. Participarea activ\u0103 a societ\u0103\u021bii creeaz\u0103 o comunitate puternic\u0103, stimuleaz\u0103 implicarea cet\u0103\u021benilor \u00een rezolvarea problemelor, identificare resurselor, dar \u0219i creeaz\u0103 genera\u021bii de lideri. IPIS dezvolt\u0103 \u0219i implementeaz\u0103 proiecte inovatoare, prin care \u00ee\u0219i propune: s\u0103 promoveze guvernarea prin colaborare \u0219i implicarea cet\u0103\u021benilor \u00een procesul decizional; s\u0103 permit\u0103 mai multor grupuri din societate s\u0103-\u0219i exercite influen\u021ba public\u0103; s\u0103 \u00eencurajeze cet\u0103\u021benii s\u0103 monitorizeze \u0219i s\u0103 influen\u021beze activitatea Guvernului; [&hellip;]\" \/>\n<meta property=\"og:url\" content=\"https:\/\/www.ipis.md\/prioritatile-strategice\/\" \/>\n<meta property=\"og:site_name\" content=\"Institutul pentru Ini\u021biative Strategice\" \/>\n<meta property=\"article:publisher\" content=\"https:\/\/www.facebook.com\/ipismoldova\/\" \/>\n<meta property=\"article:modified_time\" content=\"2018-01-22T09:35:45+00:00\" \/>\n<meta property=\"og:image\" content=\"https:\/\/www.ipis.md\/wp-content\/uploads\/2021\/09\/social.jpg\" \/>\n\t<meta property=\"og:image:width\" content=\"1200\" \/>\n\t<meta property=\"og:image:height\" content=\"630\" \/>\n\t<meta property=\"og:image:type\" content=\"image\/jpeg\" \/>\n<meta name=\"twitter:card\" content=\"summary_large_image\" \/>\n<meta name=\"twitter:label1\" content=\"Est. reading time\" \/>\n\t<meta name=\"twitter:data1\" content=\"3 minutes\" \/>\n<script type=\"application\/ld+json\" class=\"yoast-schema-graph\">{\"@context\":\"https:\/\/schema.org\",\"@graph\":[{\"@type\":\"WebPage\",\"@id\":\"https:\/\/www.ipis.md\/prioritatile-strategice\/\",\"url\":\"https:\/\/www.ipis.md\/prioritatile-strategice\/\",\"name\":\"Strategic priorities - Institutul pentru Ini\u021biative Strategice\",\"isPartOf\":{\"@id\":\"https:\/\/www.ipis.md\/en\/#website\"},\"datePublished\":\"2018-01-10T13:17:28+00:00\",\"dateModified\":\"2018-01-22T09:35:45+00:00\",\"breadcrumb\":{\"@id\":\"https:\/\/www.ipis.md\/prioritatile-strategice\/#breadcrumb\"},\"inLanguage\":\"en-US\",\"potentialAction\":[{\"@type\":\"ReadAction\",\"target\":[\"https:\/\/www.ipis.md\/prioritatile-strategice\/\"]}]},{\"@type\":\"BreadcrumbList\",\"@id\":\"https:\/\/www.ipis.md\/prioritatile-strategice\/#breadcrumb\",\"itemListElement\":[{\"@type\":\"ListItem\",\"position\":1,\"name\":\"Home\",\"item\":\"https:\/\/www.ipis.md\/en\/\"},{\"@type\":\"ListItem\",\"position\":2,\"name\":\"Priorit\u0103\u021bile strategice\"}]},{\"@type\":\"WebSite\",\"@id\":\"https:\/\/www.ipis.md\/en\/#website\",\"url\":\"https:\/\/www.ipis.md\/en\/\",\"name\":\"Institutul pentru Ini\u021biative Strategice\",\"description\":\"\",\"potentialAction\":[{\"@type\":\"SearchAction\",\"target\":{\"@type\":\"EntryPoint\",\"urlTemplate\":\"https:\/\/www.ipis.md\/en\/?s={search_term_string}\"},\"query-input\":{\"@type\":\"PropertyValueSpecification\",\"valueRequired\":true,\"valueName\":\"search_term_string\"}}],\"inLanguage\":\"en-US\"}]}<\/script>\n<!-- \/ Yoast SEO plugin. -->","yoast_head_json":{"title":"Strategic priorities - Institutul pentru Ini\u021biative Strategice","robots":{"index":"index","follow":"follow","max-snippet":"max-snippet:-1","max-image-preview":"max-image-preview:large","max-video-preview":"max-video-preview:-1"},"canonical":"https:\/\/www.ipis.md\/prioritatile-strategice\/","og_locale":"en_US","og_type":"article","og_title":"Strategic priorities - Institutul pentru Ini\u021biative Strategice","og_description":"[vc_row][vc_column][vc_tta_accordion][vc_tta_section title=&#8221;Buna guvernare, Reforma Administra\u021biei Publice \u0219i descentralizare&#8221; tab_id=&#8221;1515660388175-66a405a7-c71c&#8221;][vc_column_text] Suprema\u021bia legii, guvernan\u021ba economic\u0103 \u0219i reforma administra\u021bie publice reprezint\u0103 pilonii unui proces modern, European de refomare. \u00a0Sistemul de administrare public\u0103 este politizat, fiind caracterizat prin lips\u0103 de transparen\u021b\u0103 \u0219i capacitate redus\u0103 de a furniza servicii de calitate societ\u0103\u021bii. IPIS elaboreaz\u0103 politici \u0219i programe menite s\u0103 creeze o administra\u021bie public\u0103 transparent\u0103, responsabil\u0103 \u0219i eficient\u0103 care s\u0103 r\u0103spund\u0103 nevoilor cet\u0103\u021benilor. Priorit\u0103\u021bile \u00een acest context sunt: crearea unui serviciu public profesionist, nepolitizat, cu recrutare pe criterii de meritocra\u021bie; reforma Centrului guvernamental (inclusiv unitate de livrare) pentru a \u00eembun\u0103t\u0103\u021bi procesul de planificare \u0219i coordonare a politicilor, gestionarea resurselor umane, procedurilor administrative \u0219i gestionare de finan\u021be publice \u00een cadrul agen\u021biilor guvernamentale. IPIS ofer\u0103 competen\u021be \u0219i capacitate de implementare a proiectelor \u00een domeniul fortific\u0103rii statului de drept, a bunei guvern\u0103ri \u0219i a procesului de descentralize. [\/vc_column_text][\/vc_tta_section][vc_tta_section title=&#8221;Democra\u021bie participativ\u0103 \u0219i implicarea societ\u0103\u021bii&#8221; tab_id=&#8221;1515660388203-14b374a6-083a&#8221;][vc_column_text] A devenit o obi\u0219nuin\u021b\u0103 ca politicile publice s\u0103 fie dezvoltate de c\u0103tre conducere, f\u0103r\u0103 participarea semnificativ\u0103 a cet\u0103\u021benilor la chestiuni vitale pentru interesele lor. Ne\u00eencrederea popula\u021biei fa\u021b\u0103 de Guvern este la nivel \u00eenalt. Acest lucru face ca statul s\u0103 fie fragil. Participarea activ\u0103 a societ\u0103\u021bii creeaz\u0103 o comunitate puternic\u0103, stimuleaz\u0103 implicarea cet\u0103\u021benilor \u00een rezolvarea problemelor, identificare resurselor, dar \u0219i creeaz\u0103 genera\u021bii de lideri. IPIS dezvolt\u0103 \u0219i implementeaz\u0103 proiecte inovatoare, prin care \u00ee\u0219i propune: s\u0103 promoveze guvernarea prin colaborare \u0219i implicarea cet\u0103\u021benilor \u00een procesul decizional; s\u0103 permit\u0103 mai multor grupuri din societate s\u0103-\u0219i exercite influen\u021ba public\u0103; s\u0103 \u00eencurajeze cet\u0103\u021benii s\u0103 monitorizeze \u0219i s\u0103 influen\u021beze activitatea Guvernului; [&hellip;]","og_url":"https:\/\/www.ipis.md\/prioritatile-strategice\/","og_site_name":"Institutul pentru Ini\u021biative Strategice","article_publisher":"https:\/\/www.facebook.com\/ipismoldova\/","article_modified_time":"2018-01-22T09:35:45+00:00","og_image":[{"width":1200,"height":630,"url":"https:\/\/www.ipis.md\/wp-content\/uploads\/2021\/09\/social.jpg","type":"image\/jpeg"}],"twitter_card":"summary_large_image","twitter_misc":{"Est. reading time":"3 minutes"},"schema":{"@context":"https:\/\/schema.org","@graph":[{"@type":"WebPage","@id":"https:\/\/www.ipis.md\/prioritatile-strategice\/","url":"https:\/\/www.ipis.md\/prioritatile-strategice\/","name":"Strategic priorities - Institutul pentru Ini\u021biative Strategice","isPartOf":{"@id":"https:\/\/www.ipis.md\/en\/#website"},"datePublished":"2018-01-10T13:17:28+00:00","dateModified":"2018-01-22T09:35:45+00:00","breadcrumb":{"@id":"https:\/\/www.ipis.md\/prioritatile-strategice\/#breadcrumb"},"inLanguage":"en-US","potentialAction":[{"@type":"ReadAction","target":["https:\/\/www.ipis.md\/prioritatile-strategice\/"]}]},{"@type":"BreadcrumbList","@id":"https:\/\/www.ipis.md\/prioritatile-strategice\/#breadcrumb","itemListElement":[{"@type":"ListItem","position":1,"name":"Home","item":"https:\/\/www.ipis.md\/en\/"},{"@type":"ListItem","position":2,"name":"Priorit\u0103\u021bile strategice"}]},{"@type":"WebSite","@id":"https:\/\/www.ipis.md\/en\/#website","url":"https:\/\/www.ipis.md\/en\/","name":"Institutul pentru Ini\u021biative Strategice","description":"","potentialAction":[{"@type":"SearchAction","target":{"@type":"EntryPoint","urlTemplate":"https:\/\/www.ipis.md\/en\/?s={search_term_string}"},"query-input":{"@type":"PropertyValueSpecification","valueRequired":true,"valueName":"search_term_string"}}],"inLanguage":"en-US"}]}},"_links":{"self":[{"href":"https:\/\/www.ipis.md\/en\/wp-json\/wp\/v2\/pages\/1167","targetHints":{"allow":["GET"]}}],"collection":[{"href":"https:\/\/www.ipis.md\/en\/wp-json\/wp\/v2\/pages"}],"about":[{"href":"https:\/\/www.ipis.md\/en\/wp-json\/wp\/v2\/types\/page"}],"author":[{"embeddable":true,"href":"https:\/\/www.ipis.md\/en\/wp-json\/wp\/v2\/users\/1"}],"replies":[{"embeddable":true,"href":"https:\/\/www.ipis.md\/en\/wp-json\/wp\/v2\/comments?post=1167"}],"version-history":[{"count":4,"href":"https:\/\/www.ipis.md\/en\/wp-json\/wp\/v2\/pages\/1167\/revisions"}],"predecessor-version":[{"id":1302,"href":"https:\/\/www.ipis.md\/en\/wp-json\/wp\/v2\/pages\/1167\/revisions\/1302"}],"wp:attachment":[{"href":"https:\/\/www.ipis.md\/en\/wp-json\/wp\/v2\/media?parent=1167"}],"curies":[{"name":"wp","href":"https:\/\/api.w.org\/{rel}","templated":true}]}}